{"id":2961,"date":"2016-06-14T01:53:06","date_gmt":"2016-06-14T00:53:06","guid":{"rendered":"https:\/\/edinor.eus\/home\/"},"modified":"2025-02-11T10:39:50","modified_gmt":"2025-02-11T10:39:50","slug":"home","status":"publish","type":"page","link":"https:\/\/edinor.eus\/eu\/","title":{"rendered":"Home"},"content":{"rendered":"<p>[vc_row equal_height=&#8221;yes&#8221; bg_type=&#8221;bg_color&#8221; bg_override=&#8221;full&#8221; css=&#8221;.vc_custom_1666859052809{padding-top: 30px !important;}&#8221;][vc_column width=&#8221;1\/6&#8243;][\/vc_column][vc_column width=&#8221;2\/3&#8243;][vc_single_image image=&#8221;4131&#8243; img_size=&#8221;320&#215;108&#8243; alignment=&#8221;center&#8221; el_class=&#8221;logo-cel-home&#8221;][vc_column_text]<\/p>\n<p style=\"text-align: center; font-size: 26px;\">Tokiko Energia Komunitateak<\/p>\n<p>[\/vc_column_text][\/vc_column][vc_column width=&#8221;1\/6&#8243;][\/vc_column][\/vc_row][vc_row disable_element=&#8221;yes&#8221; css=&#8221;.vc_custom_1666859058989{padding-bottom: 60px !important;}&#8221;][vc_column][vc_row_inner equal_height=&#8221;yes&#8221; css=&#8221;.vc_custom_1656408100512{padding-bottom: 32px !important;}&#8221;][vc_column_inner][vc_single_image image=&#8221;3649&#8243; img_size=&#8221;full&#8221; alignment=&#8221;center&#8221;][\/vc_column_inner][\/vc_row_inner][vc_row_inner][vc_column_inner width=&#8221;1\/5&#8243;][vc_single_image image=&#8221;3609&#8243; img_size=&#8221;full&#8221; alignment=&#8221;center&#8221; onclick=&#8221;custom_link&#8221; link=&#8221;\/eu\/proiektuak\/cel-santullan\/&#8221;][\/vc_column_inner][vc_column_inner width=&#8221;1\/5&#8243;][vc_single_image image=&#8221;3611&#8243; img_size=&#8221;full&#8221; alignment=&#8221;center&#8221; onclick=&#8221;custom_link&#8221; link=&#8221;\/eu\/proiektuak\/cel-toda-navarra\/&#8221;][\/vc_column_inner][vc_column_inner width=&#8221;1\/5&#8243;][vc_single_image image=&#8221;4103&#8243; img_size=&#8221;full&#8221; alignment=&#8221;center&#8221;][\/vc_column_inner][vc_column_inner width=&#8221;1\/5&#8243;][vc_single_image image=&#8221;4105&#8243; img_size=&#8221;full&#8221; alignment=&#8221;center&#8221;][\/vc_column_inner][vc_column_inner width=&#8221;1\/5&#8243;][vc_single_image image=&#8221;3613&#8243; img_size=&#8221;full&#8221; alignment=&#8221;center&#8221; onclick=&#8221;custom_link&#8221; link=&#8221;\/eu\/proiektuak\/cel-torrelavega\/&#8221;][\/vc_column_inner][\/vc_row_inner][vc_row_inner][vc_column_inner width=&#8221;1\/5&#8243;][vc_single_image image=&#8221;3615&#8243; img_size=&#8221;full&#8221; alignment=&#8221;center&#8221; onclick=&#8221;custom_link&#8221; link=&#8221;\/eu\/proiektuak\/tek-andoain\/&#8221;][\/vc_column_inner][vc_column_inner width=&#8221;1\/5&#8243;][vc_single_image image=&#8221;3617&#8243; img_size=&#8221;full&#8221; alignment=&#8221;center&#8221; onclick=&#8221;custom_link&#8221; link=&#8221;\/eu\/proiektuak\/tek-athletic\/&#8221;][\/vc_column_inner][vc_column_inner width=&#8221;1\/5&#8243;][vc_single_image image=&#8221;3619&#8243; img_size=&#8221;full&#8221; alignment=&#8221;center&#8221; onclick=&#8221;custom_link&#8221; link=&#8221;\/eu\/proiektuak\/tek-barakaldo\/&#8221;][\/vc_column_inner][vc_column_inner width=&#8221;1\/5&#8243;][vc_single_image image=&#8221;3621&#8243; img_size=&#8221;full&#8221; alignment=&#8221;center&#8221; onclick=&#8221;custom_link&#8221; link=&#8221;\/eu\/proiektuak\/tek-berio\/&#8221;][\/vc_column_inner][vc_column_inner width=&#8221;1\/5&#8243;][vc_single_image image=&#8221;3667&#8243; img_size=&#8221;full&#8221; alignment=&#8221;center&#8221; onclick=&#8221;custom_link&#8221; link=&#8221;\/eu\/proiektuak\/tek-berrobi\/&#8221;][\/vc_column_inner][\/vc_row_inner][vc_row_inner][vc_column_inner width=&#8221;1\/5&#8243;][vc_single_image image=&#8221;3623&#8243; img_size=&#8221;full&#8221; alignment=&#8221;center&#8221; onclick=&#8221;custom_link&#8221; link=&#8221;\/eu\/proiektuak\/tek-larraul\/&#8221;][\/vc_column_inner][vc_column_inner width=&#8221;1\/5&#8243;][vc_single_image image=&#8221;3625&#8243; img_size=&#8221;full&#8221; alignment=&#8221;center&#8221; onclick=&#8221;custom_link&#8221; link=&#8221;\/eu\/proiektuak\/tek-lasarte-oria\/&#8221;][\/vc_column_inner][vc_column_inner width=&#8221;1\/5&#8243;][vc_single_image image=&#8221;3629&#8243; img_size=&#8221;full&#8221; alignment=&#8221;center&#8221; onclick=&#8221;custom_link&#8221; link=&#8221;\/eu\/proiektuak\/tek-san-fidel\/&#8221;][\/vc_column_inner][vc_column_inner width=&#8221;1\/5&#8243;][vc_single_image image=&#8221;3631&#8243; img_size=&#8221;full&#8221; alignment=&#8221;center&#8221; onclick=&#8221;custom_link&#8221; link=&#8221;\/eu\/proiektuak\/tek-seminario-zentrum\/&#8221;][\/vc_column_inner][vc_column_inner width=&#8221;1\/5&#8243;][vc_single_image image=&#8221;3633&#8243; img_size=&#8221;full&#8221; alignment=&#8221;center&#8221; onclick=&#8221;custom_link&#8221; link=&#8221;\/eu\/proiektuak\/tek-somorrostro\/&#8221;][\/vc_column_inner][\/vc_row_inner][vc_row_inner][vc_column_inner width=&#8221;1\/5&#8243;][vc_single_image image=&#8221;3635&#8243; img_size=&#8221;full&#8221; alignment=&#8221;center&#8221; onclick=&#8221;custom_link&#8221; link=&#8221;\/eu\/proiektuak\/tek-urnieta\/&#8221;][\/vc_column_inner][vc_column_inner width=&#8221;1\/5&#8243;][vc_single_image image=&#8221;3669&#8243; img_size=&#8221;full&#8221; alignment=&#8221;center&#8221; onclick=&#8221;custom_link&#8221; link=&#8221;\/eu\/proiektuak\/tek-zierbena\/&#8221;][\/vc_column_inner][vc_column_inner width=&#8221;1\/5&#8243;][vc_single_image image=&#8221;3637&#8243; img_size=&#8221;full&#8221; alignment=&#8221;center&#8221; onclick=&#8221;custom_link&#8221; link=&#8221;\/eu\/proiektuak\/tek-zumarraga\/&#8221;][\/vc_column_inner][vc_column_inner width=&#8221;1\/5&#8243;][\/vc_column_inner][vc_column_inner width=&#8221;1\/5&#8243;][\/vc_column_inner][\/vc_row_inner][\/vc_column][\/vc_row][vc_row full_width=&#8221;stretch_row_content_no_spaces&#8221;][vc_column][vc_wp_text]<\/p>\n<div id=\"tek-map-root\" data-type=\"tekList\" data-id=\"2,5,6,7,8,9,10,11,12,13,14,15,16,17,17,18,41,42,43,44,45,46,47,48,49,50,51,52,53,54,56,59,63\" data-lang=\"eu\"><\/div>\n<p><script src=\"https:\/\/map.edinor.eus\/_next\/static\/widgets\/map\/index.js\"><\/script>[\/vc_wp_text][\/vc_column][\/vc_row][vc_row full_width=&#8221;stretch_row&#8221; css=&#8221;.vc_custom_1691587770727{margin-top: -45px !important;margin-bottom: -90px !important;padding-top: 20px !important;padding-bottom: 50px !important;background-color: #1e73be !important;}&#8221;][vc_column]<div id=\"ultimate-heading-877069f0c1ba7a924\" class=\"uvc-heading ult-adjust-bottom-margin ultimate-heading-877069f0c1ba7a924 uvc-6399 \" data-hspacer=\"no_spacer\"  data-halign=\"center\" style=\"text-align:center\"><div class=\"uvc-heading-spacer no_spacer\" style=\"top\"><\/div><div class=\"uvc-main-heading ult-responsive\"  data-ultimate-target='.uvc-heading.ultimate-heading-877069f0c1ba7a924 h2'  data-responsive-json-new='{\"font-size\":\"desktop:48px;\",\"line-height\":\"desktop:52px;\"}' ><h2 style=\"--font-weight:theme;color:#ffffff;margin-bottom:48px;\">Sortutako TEKen eragina<\/h2><\/div><\/div>[vc_row_inner css=&#8221;.vc_custom_1691587999928{margin-bottom: 32px !important;}&#8221;][vc_column_inner width=&#8221;1\/4&#8243;]<div id=\"ultimate-heading-569f0c1ba7aa52\" class=\"uvc-heading ult-adjust-bottom-margin ultimate-heading-569f0c1ba7aa52 uvc-8106 \" data-hspacer=\"no_spacer\"  data-halign=\"center\" style=\"text-align:center\"><div class=\"uvc-heading-spacer no_spacer\" style=\"top\"><\/div><div class=\"uvc-main-heading ult-responsive\"  data-ultimate-target='.uvc-heading.ultimate-heading-569f0c1ba7aa52 h2'  data-responsive-json-new='{\"font-size\":\"desktop:40px;\",\"line-height\":\"desktop:48px;\"}' ><h2 style=\"font-weight:bold;color:#ffffff;margin-bottom:8px;\">51<\/h2><\/div><div class=\"uvc-sub-heading ult-responsive\"  data-ultimate-target='.uvc-heading.ultimate-heading-569f0c1ba7aa52 .uvc-sub-heading '  data-responsive-json-new='{\"font-size\":\"desktop:16px;\",\"line-height\":\"desktop:28px;\"}'  style=\"font-weight:normal;color:#ffffff;margin-top:8px;\">Energia Komunitateak<\/div><\/div>[\/vc_column_inner][vc_column_inner width=&#8221;1\/4&#8243;]<div id=\"ultimate-heading-119669f0c1ba7aadd\" class=\"uvc-heading ult-adjust-bottom-margin ultimate-heading-119669f0c1ba7aadd uvc-3334 \" data-hspacer=\"no_spacer\"  data-halign=\"center\" style=\"text-align:center\"><div class=\"uvc-heading-spacer no_spacer\" style=\"top\"><\/div><div class=\"uvc-main-heading ult-responsive\"  data-ultimate-target='.uvc-heading.ultimate-heading-119669f0c1ba7aadd h2'  data-responsive-json-new='{\"font-size\":\"desktop:40px;\",\"line-height\":\"desktop:48px;\"}' ><h2 style=\"font-weight:bold;color:#ffffff;margin-bottom:8px;\">292<\/h2><\/div><div class=\"uvc-sub-heading ult-responsive\"  data-ultimate-target='.uvc-heading.ultimate-heading-119669f0c1ba7aadd .uvc-sub-heading '  data-responsive-json-new='{\"font-size\":\"desktop:16px;\",\"line-height\":\"desktop:28px;\"}'  style=\"font-weight:normal;color:#ffffff;margin-top:8px;\">Proiektuetan parte hartzen duten udalak<\/div><\/div>[\/vc_column_inner][vc_column_inner width=&#8221;1\/4&#8243;]<div id=\"ultimate-heading-336469f0c1ba7ab5b\" class=\"uvc-heading ult-adjust-bottom-margin ultimate-heading-336469f0c1ba7ab5b uvc-5114 \" data-hspacer=\"no_spacer\"  data-halign=\"center\" style=\"text-align:center\"><div class=\"uvc-heading-spacer no_spacer\" style=\"top\"><\/div><div class=\"uvc-main-heading ult-responsive\"  data-ultimate-target='.uvc-heading.ultimate-heading-336469f0c1ba7ab5b h2'  data-responsive-json-new='{\"font-size\":\"desktop:40px;\",\"line-height\":\"desktop:48px;\"}' ><h2 style=\"font-weight:bold;color:#ffffff;margin-bottom:8px;\">212<\/h2><\/div><div class=\"uvc-sub-heading ult-responsive\"  data-ultimate-target='.uvc-heading.ultimate-heading-336469f0c1ba7ab5b .uvc-sub-heading '  data-responsive-json-new='{\"font-size\":\"desktop:16px;\",\"line-height\":\"desktop:28px;\"}'  style=\"font-weight:normal;color:#ffffff;margin-top:8px;\">Erronka Demografikoaren udalak<\/div><\/div>[\/vc_column_inner][vc_column_inner width=&#8221;1\/4&#8243;]<div id=\"ultimate-heading-214669f0c1ba7abef\" class=\"uvc-heading ult-adjust-bottom-margin ultimate-heading-214669f0c1ba7abef uvc-9090 \" data-hspacer=\"no_spacer\"  data-halign=\"center\" style=\"text-align:center\"><div class=\"uvc-heading-spacer no_spacer\" style=\"top\"><\/div><div class=\"uvc-main-heading ult-responsive\"  data-ultimate-target='.uvc-heading.ultimate-heading-214669f0c1ba7abef h2'  data-responsive-json-new='{\"font-size\":\"desktop:40px;\",\"line-height\":\"desktop:48px;\"}' ><h2 style=\"font-weight:bold;color:#ffffff;margin-bottom:8px;\">11<\/h2><\/div><div class=\"uvc-sub-heading ult-responsive\"  data-ultimate-target='.uvc-heading.ultimate-heading-214669f0c1ba7abef .uvc-sub-heading '  data-responsive-json-new='{\"font-size\":\"desktop:16px;\",\"line-height\":\"desktop:28px;\"}'  style=\"font-weight:normal;color:#ffffff;margin-top:8px;\">Autonomia erkidegotan<\/div><\/div>[\/vc_column_inner][\/vc_row_inner][vc_row_inner][vc_column_inner width=&#8221;1\/4&#8243;]<div id=\"ultimate-heading-410169f0c1ba7ac5f\" class=\"uvc-heading ult-adjust-bottom-margin ultimate-heading-410169f0c1ba7ac5f uvc-6768 \" data-hspacer=\"no_spacer\"  data-halign=\"center\" style=\"text-align:center\"><div class=\"uvc-heading-spacer no_spacer\" style=\"top\"><\/div><div class=\"uvc-main-heading ult-responsive\"  data-ultimate-target='.uvc-heading.ultimate-heading-410169f0c1ba7ac5f h2'  data-responsive-json-new='{\"font-size\":\"desktop:40px;\",\"line-height\":\"desktop:48px;\"}' ><h2 style=\"font-weight:bold;color:#ffffff;margin-bottom:8px;\">57 MW<\/h2><\/div><div class=\"uvc-sub-heading ult-responsive\"  data-ultimate-target='.uvc-heading.ultimate-heading-410169f0c1ba7ac5f .uvc-sub-heading '  data-responsive-json-new='{\"font-size\":\"desktop:16px;\",\"line-height\":\"desktop:28px;\"}'  style=\"font-weight:normal;color:#ffffff;margin-top:8px;\">Potentzia proiektatutako instalazioetan<\/div><\/div>[\/vc_column_inner][vc_column_inner width=&#8221;1\/4&#8243;]<div id=\"ultimate-heading-73969f0c1ba7acc9\" class=\"uvc-heading ult-adjust-bottom-margin ultimate-heading-73969f0c1ba7acc9 uvc-2146 \" data-hspacer=\"no_spacer\"  data-halign=\"center\" style=\"text-align:center\"><div class=\"uvc-heading-spacer no_spacer\" style=\"top\"><\/div><div class=\"uvc-main-heading ult-responsive\"  data-ultimate-target='.uvc-heading.ultimate-heading-73969f0c1ba7acc9 h2'  data-responsive-json-new='{\"font-size\":\"desktop:40px;\",\"line-height\":\"desktop:48px;\"}' ><h2 style=\"font-weight:bold;color:#ffffff;margin-bottom:8px;\">630<\/h2><\/div><div class=\"uvc-sub-heading ult-responsive\"  data-ultimate-target='.uvc-heading.ultimate-heading-73969f0c1ba7acc9 .uvc-sub-heading '  data-responsive-json-new='{\"font-size\":\"desktop:16px;\",\"line-height\":\"desktop:28px;\"}'  style=\"font-weight:normal;color:#ffffff;margin-top:8px;\">Aurreikusitako instalazio fotovoltaikoak<\/div><\/div>[\/vc_column_inner][vc_column_inner width=&#8221;1\/4&#8243;]<div id=\"ultimate-heading-311969f0c1ba7ad3a\" class=\"uvc-heading ult-adjust-bottom-margin ultimate-heading-311969f0c1ba7ad3a uvc-4458 \" data-hspacer=\"no_spacer\"  data-halign=\"center\" style=\"text-align:center\"><div class=\"uvc-heading-spacer no_spacer\" style=\"top\"><\/div><div class=\"uvc-main-heading ult-responsive\"  data-ultimate-target='.uvc-heading.ultimate-heading-311969f0c1ba7ad3a h2'  data-responsive-json-new='{\"font-size\":\"desktop:40px;\",\"line-height\":\"desktop:48px;\"}' ><h2 style=\"font-weight:bold;color:#ffffff;margin-bottom:8px;\">193<\/h2><\/div><div class=\"uvc-sub-heading ult-responsive\"  data-ultimate-target='.uvc-heading.ultimate-heading-311969f0c1ba7ad3a .uvc-sub-heading '  data-responsive-json-new='{\"font-size\":\"desktop:16px;\",\"line-height\":\"desktop:28px;\"}'  style=\"font-weight:normal;color:#ffffff;margin-top:8px;\">Aurreikusitako karga elektrikoko puntuak<\/div><\/div>[\/vc_column_inner][vc_column_inner width=&#8221;1\/4&#8243;]<div id=\"ultimate-heading-983769f0c1ba7adb4\" class=\"uvc-heading ult-adjust-bottom-margin ultimate-heading-983769f0c1ba7adb4 uvc-3804 \" data-hspacer=\"no_spacer\"  data-halign=\"center\" style=\"text-align:center\"><div class=\"uvc-heading-spacer no_spacer\" style=\"top\"><\/div><div class=\"uvc-main-heading ult-responsive\"  data-ultimate-target='.uvc-heading.ultimate-heading-983769f0c1ba7adb4 h2'  data-responsive-json-new='{\"font-size\":\"desktop:40px;\",\"line-height\":\"desktop:48px;\"}' ><h2 style=\"font-weight:bold;color:#ffffff;margin-bottom:8px;\">44.200<\/h2><\/div><div class=\"uvc-sub-heading ult-responsive\"  data-ultimate-target='.uvc-heading.ultimate-heading-983769f0c1ba7adb4 .uvc-sub-heading '  data-responsive-json-new='{\"font-size\":\"desktop:16px;\",\"line-height\":\"desktop:28px;\"}'  style=\"font-weight:normal;color:#ffffff;margin-top:8px;\">Familiak<\/div><\/div>[\/vc_column_inner][\/vc_row_inner][\/vc_column][\/vc_row]<\/p>\n","protected":false},"excerpt":{"rendered":"<p>[vc_row equal_height=&#8221;yes&#8221; bg_type=&#8221;bg_color&#8221; bg_override=&#8221;full&#8221; css=&#8221;.vc_custom_1666859052809{padding-top: 30px !important;}&#8221;][vc_column width=&#8221;1\/6&#8243;][\/vc_column][vc_column width=&#8221;2\/3&#8243;][vc_single_image image=&#8221;4131&#8243; img_size=&#8221;320&#215;108&#8243; alignment=&#8221;center&#8221; el_class=&#8221;logo-cel-home&#8221;][vc_column_text] Tokiko Energia Komunitateak [\/vc_column_text][\/vc_column][vc_column width=&#8221;1\/6&#8243;][\/vc_column][\/vc_row][vc_row disable_element=&#8221;yes&#8221; css=&#8221;.vc_custom_1666859058989{padding-bottom: 60px !important;}&#8221;][vc_column][vc_row_inner equal_height=&#8221;yes&#8221; css=&#8221;.vc_custom_1656408100512{padding-bottom: 32px !important;}&#8221;][vc_column_inner][vc_single_image image=&#8221;3649&#8243; img_size=&#8221;full&#8221; alignment=&#8221;center&#8221;][\/vc_column_inner][\/vc_row_inner][vc_row_inner][vc_column_inner width=&#8221;1\/5&#8243;][vc_single_image image=&#8221;3609&#8243; img_size=&#8221;full&#8221; alignment=&#8221;center&#8221; onclick=&#8221;custom_link&#8221; link=&#8221;\/eu\/proiektuak\/cel-santullan\/&#8221;][\/vc_column_inner][vc_column_inner width=&#8221;1\/5&#8243;][vc_single_image image=&#8221;3611&#8243; img_size=&#8221;full&#8221; alignment=&#8221;center&#8221; onclick=&#8221;custom_link&#8221; link=&#8221;\/eu\/proiektuak\/cel-toda-navarra\/&#8221;][\/vc_column_inner][vc_column_inner width=&#8221;1\/5&#8243;][vc_single_image image=&#8221;4103&#8243; img_size=&#8221;full&#8221; alignment=&#8221;center&#8221;][\/vc_column_inner][vc_column_inner width=&#8221;1\/5&#8243;][vc_single_image image=&#8221;4105&#8243; img_size=&#8221;full&#8221; alignment=&#8221;center&#8221;][\/vc_column_inner][vc_column_inner width=&#8221;1\/5&#8243;][vc_single_image image=&#8221;3613&#8243; img_size=&#8221;full&#8221; alignment=&#8221;center&#8221; onclick=&#8221;custom_link&#8221; link=&#8221;\/eu\/proiektuak\/cel-torrelavega\/&#8221;][\/vc_column_inner][\/vc_row_inner][vc_row_inner][vc_column_inner&hellip;<\/p>\n","protected":false},"author":1,"featured_media":0,"parent":0,"menu_order":0,"comment_status":"closed","ping_status":"closed","template":"","meta":{"_acf_changed":false,"footnotes":""},"class_list":["post-2961","page","type-page","status-publish","hentry","description-off"],"acf":[],"yoast_head":"<!-- This site is optimized with the Yoast SEO plugin v26.6 - https:\/\/yoast.com\/wordpress\/plugins\/seo\/ -->\n<title>Edinor | Energ\u00eda DIstribuida del NORte | Grupo Petronor<\/title>\n<meta name=\"description\" content=\"Edinor promueve el desarrollo de energ\u00eda distribuida en n\u00facleos urbanos e industriales maximizando la integraci\u00f3n de energ\u00edas renovables en el sistema, aportando soluciones a la descarbonizaci\u00f3n del consumo y aumentando la eficiencia energ\u00e9tica mediante el empoderamiento de los consumidores y la innovaci\u00f3n tecnol\u00f3gica.\" \/>\n<meta name=\"robots\" content=\"index, follow, max-snippet:-1, max-image-preview:large, max-video-preview:-1\" \/>\n<link rel=\"canonical\" href=\"https:\/\/www.edinor.eus\/eu\/\" \/>\n<meta property=\"og:locale\" content=\"eu_ES\" \/>\n<meta property=\"og:type\" content=\"article\" \/>\n<meta property=\"og:title\" content=\"Edinor | Energ\u00eda DIstribuida del NORte | Grupo Petronor\" \/>\n<meta property=\"og:description\" content=\"Edinor promueve el desarrollo de energ\u00eda distribuida en n\u00facleos urbanos e industriales maximizando la integraci\u00f3n de energ\u00edas renovables en el sistema, aportando soluciones a la descarbonizaci\u00f3n del consumo y aumentando la eficiencia energ\u00e9tica mediante el empoderamiento de los consumidores y la innovaci\u00f3n tecnol\u00f3gica.\" \/>\n<meta property=\"og:url\" content=\"https:\/\/www.edinor.eus\/eu\/\" \/>\n<meta property=\"og:site_name\" content=\"Edinor\" \/>\n<meta property=\"article:modified_time\" content=\"2025-02-11T10:39:50+00:00\" \/>\n<meta name=\"twitter:card\" content=\"summary_large_image\" \/>\n<meta name=\"twitter:label1\" content=\"Est. reading time\" \/>\n\t<meta name=\"twitter:data1\" content=\"6 minutes\" \/>\n<script type=\"application\/ld+json\" class=\"yoast-schema-graph\">{\"@context\":\"https:\/\/schema.org\",\"@graph\":[{\"@type\":\"WebPage\",\"@id\":\"https:\/\/www.edinor.eus\/eu\/\",\"url\":\"https:\/\/www.edinor.eus\/eu\/\",\"name\":\"Edinor | Energ\u00eda DIstribuida del NORte | Grupo Petronor\",\"isPartOf\":{\"@id\":\"https:\/\/edinor.eus\/#website\"},\"datePublished\":\"2016-06-14T00:53:06+00:00\",\"dateModified\":\"2025-02-11T10:39:50+00:00\",\"description\":\"Edinor promueve el desarrollo de energ\u00eda distribuida en n\u00facleos urbanos e industriales maximizando la integraci\u00f3n de energ\u00edas renovables en el sistema, aportando soluciones a la descarbonizaci\u00f3n del consumo y aumentando la eficiencia energ\u00e9tica mediante el empoderamiento de los consumidores y la innovaci\u00f3n tecnol\u00f3gica.\",\"breadcrumb\":{\"@id\":\"https:\/\/www.edinor.eus\/eu\/#breadcrumb\"},\"inLanguage\":\"eu-ES\",\"potentialAction\":[{\"@type\":\"ReadAction\",\"target\":[\"https:\/\/www.edinor.eus\/eu\/\"]}]},{\"@type\":\"BreadcrumbList\",\"@id\":\"https:\/\/www.edinor.eus\/eu\/#breadcrumb\",\"itemListElement\":[{\"@type\":\"ListItem\",\"position\":1,\"name\":\"Home\",\"item\":\"https:\/\/www.edinor.eus\/eu\/\"},{\"@type\":\"ListItem\",\"position\":2,\"name\":\"Home\"}]},{\"@type\":\"WebSite\",\"@id\":\"https:\/\/edinor.eus\/#website\",\"url\":\"https:\/\/edinor.eus\/\",\"name\":\"Edinor\",\"description\":\"Energia banatuko eta autokontsumo partekatuko soluzioak sustatzen ditugu\",\"potentialAction\":[{\"@type\":\"SearchAction\",\"target\":{\"@type\":\"EntryPoint\",\"urlTemplate\":\"https:\/\/edinor.eus\/?s={search_term_string}\"},\"query-input\":{\"@type\":\"PropertyValueSpecification\",\"valueRequired\":true,\"valueName\":\"search_term_string\"}}],\"inLanguage\":\"eu-ES\"}]}<\/script>\n<!-- \/ Yoast SEO plugin. -->","yoast_head_json":{"title":"Edinor | Energ\u00eda DIstribuida del NORte | Grupo Petronor","description":"Edinor promueve el desarrollo de energ\u00eda distribuida en n\u00facleos urbanos e industriales maximizando la integraci\u00f3n de energ\u00edas renovables en el sistema, aportando soluciones a la descarbonizaci\u00f3n del consumo y aumentando la eficiencia energ\u00e9tica mediante el empoderamiento de los consumidores y la innovaci\u00f3n tecnol\u00f3gica.","robots":{"index":"index","follow":"follow","max-snippet":"max-snippet:-1","max-image-preview":"max-image-preview:large","max-video-preview":"max-video-preview:-1"},"canonical":"https:\/\/www.edinor.eus\/eu\/","og_locale":"eu_ES","og_type":"article","og_title":"Edinor | Energ\u00eda DIstribuida del NORte | Grupo Petronor","og_description":"Edinor promueve el desarrollo de energ\u00eda distribuida en n\u00facleos urbanos e industriales maximizando la integraci\u00f3n de energ\u00edas renovables en el sistema, aportando soluciones a la descarbonizaci\u00f3n del consumo y aumentando la eficiencia energ\u00e9tica mediante el empoderamiento de los consumidores y la innovaci\u00f3n tecnol\u00f3gica.","og_url":"https:\/\/www.edinor.eus\/eu\/","og_site_name":"Edinor","article_modified_time":"2025-02-11T10:39:50+00:00","twitter_card":"summary_large_image","twitter_misc":{"Est. reading time":"6 minutes"},"schema":{"@context":"https:\/\/schema.org","@graph":[{"@type":"WebPage","@id":"https:\/\/www.edinor.eus\/eu\/","url":"https:\/\/www.edinor.eus\/eu\/","name":"Edinor | Energ\u00eda DIstribuida del NORte | Grupo Petronor","isPartOf":{"@id":"https:\/\/edinor.eus\/#website"},"datePublished":"2016-06-14T00:53:06+00:00","dateModified":"2025-02-11T10:39:50+00:00","description":"Edinor promueve el desarrollo de energ\u00eda distribuida en n\u00facleos urbanos e industriales maximizando la integraci\u00f3n de energ\u00edas renovables en el sistema, aportando soluciones a la descarbonizaci\u00f3n del consumo y aumentando la eficiencia energ\u00e9tica mediante el empoderamiento de los consumidores y la innovaci\u00f3n tecnol\u00f3gica.","breadcrumb":{"@id":"https:\/\/www.edinor.eus\/eu\/#breadcrumb"},"inLanguage":"eu-ES","potentialAction":[{"@type":"ReadAction","target":["https:\/\/www.edinor.eus\/eu\/"]}]},{"@type":"BreadcrumbList","@id":"https:\/\/www.edinor.eus\/eu\/#breadcrumb","itemListElement":[{"@type":"ListItem","position":1,"name":"Home","item":"https:\/\/www.edinor.eus\/eu\/"},{"@type":"ListItem","position":2,"name":"Home"}]},{"@type":"WebSite","@id":"https:\/\/edinor.eus\/#website","url":"https:\/\/edinor.eus\/","name":"Edinor","description":"Energia banatuko eta autokontsumo partekatuko soluzioak sustatzen ditugu","potentialAction":[{"@type":"SearchAction","target":{"@type":"EntryPoint","urlTemplate":"https:\/\/edinor.eus\/?s={search_term_string}"},"query-input":{"@type":"PropertyValueSpecification","valueRequired":true,"valueName":"search_term_string"}}],"inLanguage":"eu-ES"}]}},"_links":{"self":[{"href":"https:\/\/edinor.eus\/eu\/wp-json\/wp\/v2\/pages\/2961","targetHints":{"allow":["GET"]}}],"collection":[{"href":"https:\/\/edinor.eus\/eu\/wp-json\/wp\/v2\/pages"}],"about":[{"href":"https:\/\/edinor.eus\/eu\/wp-json\/wp\/v2\/types\/page"}],"author":[{"embeddable":true,"href":"https:\/\/edinor.eus\/eu\/wp-json\/wp\/v2\/users\/1"}],"replies":[{"embeddable":true,"href":"https:\/\/edinor.eus\/eu\/wp-json\/wp\/v2\/comments?post=2961"}],"version-history":[{"count":38,"href":"https:\/\/edinor.eus\/eu\/wp-json\/wp\/v2\/pages\/2961\/revisions"}],"predecessor-version":[{"id":5690,"href":"https:\/\/edinor.eus\/eu\/wp-json\/wp\/v2\/pages\/2961\/revisions\/5690"}],"wp:attachment":[{"href":"https:\/\/edinor.eus\/eu\/wp-json\/wp\/v2\/media?parent=2961"}],"curies":[{"name":"wp","href":"https:\/\/api.w.org\/{rel}","templated":true}]}}